{"id":117,"date":"2019-10-25T09:23:18","date_gmt":"2019-10-25T05:23:18","guid":{"rendered":"http:\/\/alareunion.fr\/?page_id=117"},"modified":"2025-07-25T16:25:05","modified_gmt":"2025-07-25T12:25:05","slug":"photos-de-la-location-saisonniere","status":"publish","type":"page","link":"https:\/\/alareunion.fr\/index.php\/photos-de-la-location-saisonniere\/","title":{"rendered":"Le logement"},"content":{"rendered":"\n<h2 class=\"wp-block-heading\">Cet appartement en rez de jardin de type F2 d&rsquo;environ 70 m2, se compose<\/h2>\n\n\n\n<ul class=\"wp-block-list\">\n<li>d&rsquo;une grande chambre de 37 m2 climatis\u00e9e avec dressing, salle de bain \u00e9quip\u00e9e d&rsquo;une douche, lavabo, toilettes et lave-linge.<\/li>\n\n\n\n<li>d&rsquo;une cuisine-salle \u00e0 manger de 23 m2 avec four encastr\u00e9, micro-onde, table de cuisson vitroc\u00e9ramique, r\u00e9frig\u00e9rateur-cong\u00e9lateur, cafeti\u00e8re, ustensiles de cuisine, vaisselle, table et fer \u00e0 repasser<\/li>\n\n\n\n<li>Un salon de 10 m2 avec t\u00e9l\u00e9viseur (10 cha\u00eenes TNT R\u00e9union).<br>Le logement dispose du wifi avec possibilit\u00e9 de brancher un PC en direct.<br>Nous pouvons accueillir 2 personnes (1 lit double) avec possibilit\u00e9 de rajouter un lit simple ou 1 lit BB.<br>Les draps, couvertures, essuie-mains et torchons sont fournis. Nous ne fournissons pas les serviettes de toilette.<br>Le terrain permet le stationnement de 2 v\u00e9hicules.<\/li>\n\n\n\n<li>Nous n&rsquo;acceptons pas les animaux domestiques dans le logement ni sur le terrain attenant.<\/li>\n<\/ul>\n\n\n\n<figure class=\"wp-block-gallery has-nested-images columns-2 is-cropped wp-block-gallery-1 is-layout-flex wp-block-gallery-is-layout-flex\">\n<figure class=\"wp-block-image\"><img loading=\"lazy\" decoding=\"async\" width=\"640\" height=\"480\" data-id=\"175\" src=\"https:\/\/alareunion.fr\/wp-content\/uploads\/2019\/10\/Facade2-1.jpg\" alt=\"La fa\u00e7ade\" class=\"wp-image-175\" srcset=\"https:\/\/alareunion.fr\/wp-content\/uploads\/2019\/10\/Facade2-1.jpg 640w, https:\/\/alareunion.fr\/wp-content\/uploads\/2019\/10\/Facade2-1-300x225.jpg 300w\" sizes=\"auto, (max-width: 640px) 100vw, 640px\" \/><\/figure>\n\n\n\n<figure class=\"wp-block-image size-full\"><img loading=\"lazy\" decoding=\"async\" width=\"800\" height=\"600\" data-id=\"618\" src=\"https:\/\/alareunion.fr\/wp-content\/uploads\/2023\/09\/1Facade800.jpg\" alt=\"\" class=\"wp-image-618\" srcset=\"https:\/\/alareunion.fr\/wp-content\/uploads\/2023\/09\/1Facade800.jpg 800w, https:\/\/alareunion.fr\/wp-content\/uploads\/2023\/09\/1Facade800-300x225.jpg 300w, https:\/\/alareunion.fr\/wp-content\/uploads\/2023\/09\/1Facade800-768x576.jpg 768w, https:\/\/alareunion.fr\/wp-content\/uploads\/2023\/09\/1Facade800-50x38.jpg 50w\" sizes=\"auto, (max-width: 800px) 100vw, 800px\" \/><\/figure>\n\n\n\n<figure class=\"wp-block-image size-full\"><img loading=\"lazy\" decoding=\"async\" width=\"800\" height=\"600\" data-id=\"619\" src=\"https:\/\/alareunion.fr\/wp-content\/uploads\/2023\/09\/7DSCN0426.jpg\" alt=\"Le logement et places de parking attenantes\" class=\"wp-image-619\" srcset=\"https:\/\/alareunion.fr\/wp-content\/uploads\/2023\/09\/7DSCN0426.jpg 800w, https:\/\/alareunion.fr\/wp-content\/uploads\/2023\/09\/7DSCN0426-300x225.jpg 300w, https:\/\/alareunion.fr\/wp-content\/uploads\/2023\/09\/7DSCN0426-768x576.jpg 768w, https:\/\/alareunion.fr\/wp-content\/uploads\/2023\/09\/7DSCN0426-50x38.jpg 50w\" sizes=\"auto, (max-width: 800px) 100vw, 800px\" \/><\/figure>\n\n\n\n<figure class=\"wp-block-image size-full\"><img loading=\"lazy\" decoding=\"async\" width=\"800\" height=\"600\" data-id=\"620\" src=\"https:\/\/alareunion.fr\/wp-content\/uploads\/2023\/09\/2Cuisine1.jpg\" alt=\"La pi\u00e8ce \u00e0 vivre et cuisine \" class=\"wp-image-620\" srcset=\"https:\/\/alareunion.fr\/wp-content\/uploads\/2023\/09\/2Cuisine1.jpg 800w, https:\/\/alareunion.fr\/wp-content\/uploads\/2023\/09\/2Cuisine1-300x225.jpg 300w, https:\/\/alareunion.fr\/wp-content\/uploads\/2023\/09\/2Cuisine1-768x576.jpg 768w, https:\/\/alareunion.fr\/wp-content\/uploads\/2023\/09\/2Cuisine1-50x38.jpg 50w\" sizes=\"auto, (max-width: 800px) 100vw, 800px\" \/><\/figure>\n\n\n\n<figure class=\"wp-block-image\"><img loading=\"lazy\" decoding=\"async\" width=\"1024\" height=\"768\" data-id=\"181\" src=\"https:\/\/alareunion.fr\/wp-content\/uploads\/2019\/10\/DSCN1249-1-1024x768.jpg\" alt=\"La cuisine et pi\u00e8ce \u00e0 vivre\" class=\"wp-image-181\" srcset=\"https:\/\/alareunion.fr\/wp-content\/uploads\/2019\/10\/DSCN1249-1-1024x768.jpg 1024w, https:\/\/alareunion.fr\/wp-content\/uploads\/2019\/10\/DSCN1249-1-300x225.jpg 300w, https:\/\/alareunion.fr\/wp-content\/uploads\/2019\/10\/DSCN1249-1-768x576.jpg 768w\" sizes=\"auto, (max-width: 1024px) 100vw, 1024px\" \/><\/figure>\n\n\n\n<figure class=\"wp-block-image\"><img loading=\"lazy\" decoding=\"async\" width=\"1024\" height=\"768\" data-id=\"183\" src=\"https:\/\/alareunion.fr\/wp-content\/uploads\/2019\/10\/Photo2-1024x768.png\" alt=\"Le salon avec t\u00e9l\u00e9vision cha\u00eenes TNT\" class=\"wp-image-183\" srcset=\"https:\/\/alareunion.fr\/wp-content\/uploads\/2019\/10\/Photo2.png 1024w, https:\/\/alareunion.fr\/wp-content\/uploads\/2019\/10\/Photo2-300x225.png 300w, https:\/\/alareunion.fr\/wp-content\/uploads\/2019\/10\/Photo2-768x576.png 768w\" sizes=\"auto, (max-width: 1024px) 100vw, 1024px\" \/><\/figure>\n\n\n\n<figure class=\"wp-block-image size-full\"><img loading=\"lazy\" decoding=\"async\" width=\"800\" height=\"600\" data-id=\"622\" src=\"https:\/\/alareunion.fr\/wp-content\/uploads\/2023\/09\/4Photo5.jpg\" alt=\"La chambre vue de l'entr\u00e9e de la pi\u00e8ce\" class=\"wp-image-622\" srcset=\"https:\/\/alareunion.fr\/wp-content\/uploads\/2023\/09\/4Photo5.jpg 800w, https:\/\/alareunion.fr\/wp-content\/uploads\/2023\/09\/4Photo5-300x225.jpg 300w, https:\/\/alareunion.fr\/wp-content\/uploads\/2023\/09\/4Photo5-768x576.jpg 768w, https:\/\/alareunion.fr\/wp-content\/uploads\/2023\/09\/4Photo5-50x38.jpg 50w\" sizes=\"auto, (max-width: 800px) 100vw, 800px\" \/><\/figure>\n\n\n\n<figure class=\"wp-block-image size-large\"><img loading=\"lazy\" decoding=\"async\" width=\"1024\" height=\"768\" data-id=\"623\" src=\"https:\/\/alareunion.fr\/wp-content\/uploads\/2023\/09\/SiteChambre2-1024x768.jpg\" alt=\"La Chambre vue de la fen\u00eatre\" class=\"wp-image-623\" srcset=\"https:\/\/alareunion.fr\/wp-content\/uploads\/2023\/09\/SiteChambre2-1024x768.jpg 1024w, https:\/\/alareunion.fr\/wp-content\/uploads\/2023\/09\/SiteChambre2-300x225.jpg 300w, https:\/\/alareunion.fr\/wp-content\/uploads\/2023\/09\/SiteChambre2-768x576.jpg 768w, https:\/\/alareunion.fr\/wp-content\/uploads\/2023\/09\/SiteChambre2-1536x1152.jpg 1536w, https:\/\/alareunion.fr\/wp-content\/uploads\/2023\/09\/SiteChambre2-2048x1536.jpg 2048w, https:\/\/alareunion.fr\/wp-content\/uploads\/2023\/09\/SiteChambre2-50x38.jpg 50w\" sizes=\"auto, (max-width: 1024px) 100vw, 1024px\" \/><\/figure>\n\n\n\n<figure class=\"wp-block-image size-full\"><img loading=\"lazy\" decoding=\"async\" width=\"768\" height=\"1024\" data-id=\"625\" src=\"https:\/\/alareunion.fr\/wp-content\/uploads\/2023\/09\/5Photo6.jpg\" alt=\"Le dressing attenant \u00e0 la Chambre\" class=\"wp-image-625\" srcset=\"https:\/\/alareunion.fr\/wp-content\/uploads\/2023\/09\/5Photo6.jpg 768w, https:\/\/alareunion.fr\/wp-content\/uploads\/2023\/09\/5Photo6-225x300.jpg 225w, https:\/\/alareunion.fr\/wp-content\/uploads\/2023\/09\/5Photo6-38x50.jpg 38w\" sizes=\"auto, (max-width: 768px) 100vw, 768px\" \/><\/figure>\n\n\n\n<figure class=\"wp-block-image size-full\"><img loading=\"lazy\" decoding=\"async\" width=\"768\" height=\"1024\" data-id=\"626\" src=\"https:\/\/alareunion.fr\/wp-content\/uploads\/2023\/09\/6Photo7.jpg\" alt=\"La salle d'eau \u00e9quip\u00e9e d'une douche, des toilettes ainsi que le lave linge\" class=\"wp-image-626\" srcset=\"https:\/\/alareunion.fr\/wp-content\/uploads\/2023\/09\/6Photo7.jpg 768w, https:\/\/alareunion.fr\/wp-content\/uploads\/2023\/09\/6Photo7-225x300.jpg 225w, https:\/\/alareunion.fr\/wp-content\/uploads\/2023\/09\/6Photo7-38x50.jpg 38w\" sizes=\"auto, (max-width: 768px) 100vw, 768px\" \/><\/figure>\n<\/figure>\n\n\n\n<p><\/p>\n\n\n\n<p><strong>Formulaire&nbsp;<a href=\"https:\/\/alareunion.fr\/index.php\/formulaire\/\">Demande de disponibilit\u00e9s<\/a><\/strong><\/p>\n","protected":false},"excerpt":{"rendered":"<p>Cet appartement en rez de jardin de type F2 d&rsquo;environ 70 m2, se compose Formulaire&nbsp;Demande de disponibilit\u00e9s<\/p>\n","protected":false},"author":1,"featured_media":0,"parent":0,"menu_order":0,"comment_status":"closed","ping_status":"closed","template":"","meta":{"_exactmetrics_skip_tracking":false,"_exactmetrics_sitenote_active":false,"_exactmetrics_sitenote_note":"","_exactmetrics_sitenote_category":0,"footnotes":""},"class_list":["post-117","page","type-page","status-publish","hentry"],"wppr_data":{"cwp_meta_box_check":"No"},"jetpack_sharing_enabled":false,"jetpack_likes_enabled":false,"_links":{"self":[{"href":"https:\/\/alareunion.fr\/index.php\/wp-json\/wp\/v2\/pages\/117","targetHints":{"allow":["GET"]}}],"collection":[{"href":"https:\/\/alareunion.fr\/index.php\/wp-json\/wp\/v2\/pages"}],"about":[{"href":"https:\/\/alareunion.fr\/index.php\/wp-json\/wp\/v2\/types\/page"}],"author":[{"embeddable":true,"href":"https:\/\/alareunion.fr\/index.php\/wp-json\/wp\/v2\/users\/1"}],"replies":[{"embeddable":true,"href":"https:\/\/alareunion.fr\/index.php\/wp-json\/wp\/v2\/comments?post=117"}],"version-history":[{"count":24,"href":"https:\/\/alareunion.fr\/index.php\/wp-json\/wp\/v2\/pages\/117\/revisions"}],"predecessor-version":[{"id":769,"href":"https:\/\/alareunion.fr\/index.php\/wp-json\/wp\/v2\/pages\/117\/revisions\/769"}],"wp:attachment":[{"href":"https:\/\/alareunion.fr\/index.php\/wp-json\/wp\/v2\/media?parent=117"}],"curies":[{"name":"wp","href":"https:\/\/api.w.org\/{rel}","templated":true}]}}