{"id":329,"date":"2020-03-19T15:49:30","date_gmt":"2020-03-19T11:49:30","guid":{"rendered":"https:\/\/alareunion.fr\/?page_id=329"},"modified":"2025-07-25T16:27:18","modified_gmt":"2025-07-25T12:27:18","slug":"informations-pratiques","status":"publish","type":"page","link":"https:\/\/alareunion.fr\/index.php\/informations-pratiques\/","title":{"rendered":"Informations pratiques"},"content":{"rendered":"\n<figure class=\"wp-block-table is-style-stripes\"><table class=\"has-black-color has-text-color\"><tbody><tr><td><strong>Pratique<\/strong><\/td><td class=\"has-text-align-center\" data-align=\"center\"><strong>Distance<\/strong><\/td><td class=\"has-text-align-center\" data-align=\"center\"><strong>A pied<\/strong><\/td><td class=\"has-text-align-center\" data-align=\"center\"><strong>En voiture<\/strong><\/td><\/tr><tr><td>Arr\u00eat de bus<\/td><td class=\"has-text-align-center\" data-align=\"center\">210 m<\/td><td class=\"has-text-align-center\" data-align=\"center\">2 mn<\/td><td class=\"has-text-align-center\" data-align=\"center\">1 mn<\/td><\/tr><tr><td>Location de v\u00e9los (<a href=\"http:\/\/roulib.re\" target=\"_blank\" rel=\"noreferrer noopener\">roulibe.re<\/a>)<\/td><td class=\"has-text-align-center\" data-align=\"center\">210 m<\/td><td class=\"has-text-align-center\" data-align=\"center\">2 mn<\/td><td class=\"has-text-align-center\" data-align=\"center\">1 mn<\/td><\/tr><tr><td>Tisanerie<\/td><td class=\"has-text-align-center\" data-align=\"center\">280 m<\/td><td class=\"has-text-align-center\" data-align=\"center\">3 mn<\/td><td class=\"has-text-align-center\" data-align=\"center\">1 mn<\/td><\/tr><tr><td>Route des Tamarins<\/td><td class=\"has-text-align-center\" data-align=\"center\">400 m<\/td><td class=\"has-text-align-center\" data-align=\"center\"><\/td><td class=\"has-text-align-center\" data-align=\"center\">1 mn<\/td><\/tr><tr><td>Pharmacie<\/td><td class=\"has-text-align-center\" data-align=\"center\">550 m<\/td><td class=\"has-text-align-center\" data-align=\"center\">7 mn<\/td><td class=\"has-text-align-center\" data-align=\"center\">1 mn<\/td><\/tr><tr><td>Centre m\u00e9dical<\/td><td class=\"has-text-align-center\" data-align=\"center\">550 m<\/td><td class=\"has-text-align-center\" data-align=\"center\">7 mn<\/td><td class=\"has-text-align-center\" data-align=\"center\">1 mn<\/td><\/tr><tr><td>M\u00e9diath\u00e8que<\/td><td class=\"has-text-align-center\" data-align=\"center\">1 km<\/td><td class=\"has-text-align-center\" data-align=\"center\">12 mn<\/td><td class=\"has-text-align-center\" data-align=\"center\">2 mn<\/td><\/tr><tr><td><a href=\"https:\/\/www.run-market.re\/\" target=\"_blank\" rel=\"noreferrer noopener\">Centre commercial hyper<\/a><\/td><td class=\"has-text-align-center\" data-align=\"center\">1,4 km<\/td><td class=\"has-text-align-center\" data-align=\"center\">19 mn<\/td><td class=\"has-text-align-center\" data-align=\"center\">3 mn<\/td><\/tr><tr><td>Station service<\/td><td class=\"has-text-align-center\" data-align=\"center\">1,6 km<\/td><td class=\"has-text-align-center\" data-align=\"center\"><\/td><td class=\"has-text-align-center\" data-align=\"center\">3 mn<\/td><\/tr><tr><td><a href=\"https:\/\/www.leaderprice.re\/\" target=\"_blank\" rel=\"noreferrer noopener\">Supermarch\u00e9<\/a><\/td><td class=\"has-text-align-center\" data-align=\"center\">1,6 km<\/td><td class=\"has-text-align-center\" data-align=\"center\"><\/td><td class=\"has-text-align-center\" data-align=\"center\">3 mn<\/td><\/tr><tr><td><a href=\"https:\/\/www.dr-david-mardenalom.re\/\" target=\"_blank\" rel=\"noreferrer noopener\">Dentiste<\/a><\/td><td class=\"has-text-align-center\" data-align=\"center\">10 m<\/td><td class=\"has-text-align-center\" data-align=\"center\">1 mn<\/td><td class=\"has-text-align-center\" data-align=\"center\"><\/td><\/tr><tr><td>Poste<\/td><td class=\"has-text-align-center\" data-align=\"center\">1,9 km<\/td><td class=\"has-text-align-center\" data-align=\"center\">25 mn<\/td><td class=\"has-text-align-center\" data-align=\"center\">5 mn<\/td><\/tr><tr><td>Centre ville<\/td><td class=\"has-text-align-center\" data-align=\"center\">2,6 km<\/td><td class=\"has-text-align-center\" data-align=\"center\">32 mn<\/td><td class=\"has-text-align-center\" data-align=\"center\">9 mn<\/td><\/tr><tr><td><a href=\"https:\/\/www.mairie-saintpaul.re\/\" target=\"_blank\" rel=\"noreferrer noopener\">Mairie<\/a><\/td><td class=\"has-text-align-center\" data-align=\"center\">3,2 km<\/td><td class=\"has-text-align-center\" data-align=\"center\">33 mn<\/td><td class=\"has-text-align-center\" data-align=\"center\">12 mn<\/td><\/tr><tr><td><a href=\"https:\/\/www.carjaune.re\/\">Gare routi\u00e8re<\/a><\/td><td class=\"has-text-align-center\" data-align=\"center\">3,1 km<\/td><td class=\"has-text-align-center\" data-align=\"center\">33 mn<\/td><td class=\"has-text-align-center\" data-align=\"center\">8 mn<\/td><\/tr><tr><td><a href=\"https:\/\/www.chor.re\/\" target=\"_blank\" rel=\"noreferrer noopener\">Hopita<\/a><a href=\"https:\/\/www.chor.re\/\">l<\/a><\/td><td class=\"has-text-align-center\" data-align=\"center\">4,9 km<\/td><td class=\"has-text-align-center\" data-align=\"center\">37 mn<\/td><td class=\"has-text-align-center\" data-align=\"center\">7 mn<\/td><\/tr><tr><td><a href=\"https:\/\/www.reunion.aeroport.fr\/\" target=\"_blank\" rel=\"noreferrer noopener\">A\u00e9roport rolland Garros<\/a><\/td><td class=\"has-text-align-center\" data-align=\"center\">35 km<\/td><td class=\"has-text-align-center\" data-align=\"center\"><\/td><td class=\"has-text-align-center\" data-align=\"center\">41 mn<\/td><\/tr><tr><td><a href=\"http:\/\/www.pierrefonds.aeroport.fr\/\" target=\"_blank\" rel=\"noreferrer noopener\">A\u00e9roport Pierrefond<\/a><\/td><td class=\"has-text-align-center\" data-align=\"center\">52 km<\/td><td class=\"has-text-align-center\" data-align=\"center\"><\/td><td class=\"has-text-align-center\" data-align=\"center\">36 mn<\/td><\/tr><tr><td><strong>Restauration<\/strong><\/td><td class=\"has-text-align-center\" data-align=\"center\"><strong>Distance<\/strong><\/td><td class=\"has-text-align-center\" data-align=\"center\"><strong>A pied<\/strong><\/td><td class=\"has-text-align-center\" data-align=\"center\"><strong>En voiture<\/strong><\/td><\/tr><tr><td><a href=\"https:\/\/www.facebook.com\/La-Magie-Des-Glaces-180673265351393\/\">Glacier <\/a><a href=\"https:\/\/www.facebook.com\/La-Magie-Des-Glaces-180673265351393\/\" target=\"_blank\" rel=\"noreferrer noopener\">Magie des glaces<\/a><\/td><td class=\"has-text-align-center\" data-align=\"center\">100 m<\/td><td class=\"has-text-align-center\" data-align=\"center\">1 mn<\/td><td class=\"has-text-align-center\" data-align=\"center\"><\/td><\/tr><tr><td>Snack Epicerie Chez Pipinie<\/td><td class=\"has-text-align-center\" data-align=\"center\">220 m<\/td><td class=\"has-text-align-center\" data-align=\"center\">3 mn<\/td><td class=\"has-text-align-center\" data-align=\"center\">1 mn<\/td><\/tr><tr><td><a href=\"https:\/\/www.facebook.com\/Le-jardin-662109480536657\/\" target=\"_blank\" rel=\"noreferrer noopener\">Restaurant Le Jardin<\/a><\/td><td class=\"has-text-align-center\" data-align=\"center\">400 m<\/td><td class=\"has-text-align-center\" data-align=\"center\">5 mn<\/td><td class=\"has-text-align-center\" data-align=\"center\">1 mn<\/td><\/tr><tr><td><a href=\"https:\/\/www.facebook.com\/Allopizza97460\" target=\"_blank\" rel=\"noreferrer noopener\">Restaurant Allo Pizza<\/a><\/td><td class=\"has-text-align-center\" data-align=\"center\">450 m<\/td><td class=\"has-text-align-center\" data-align=\"center\">6 mn<\/td><td class=\"has-text-align-center\" data-align=\"center\">1 mn<\/td><\/tr><tr><td><a href=\"https:\/\/www.facebook.com\/leloupburger\/\">Restaurant Le Loup Burger<\/a><\/td><td class=\"has-text-align-center\" data-align=\"center\">450 m<\/td><td class=\"has-text-align-center\" data-align=\"center\">6 mn<\/td><td class=\"has-text-align-center\" data-align=\"center\">1 mn<\/td><\/tr><tr><td><a href=\"https:\/\/www.facebook.com\/terranga.re\" target=\"_blank\" rel=\"noreferrer noopener\">Restaurant Terranga<\/a><\/td><td class=\"has-text-align-center\" data-align=\"center\">600 m<\/td><td class=\"has-text-align-center\" data-align=\"center\">8 mn<\/td><td class=\"has-text-align-center\" data-align=\"center\">1 mn<\/td><\/tr><tr><td>Snack de l&rsquo;Etang<\/td><td class=\"has-text-align-center\" data-align=\"center\">450 m<\/td><td class=\"has-text-align-center\" data-align=\"center\">6 mn<\/td><td class=\"has-text-align-center\" data-align=\"center\">2 mn<\/td><\/tr><tr><td><strong>Tourisme<\/strong><\/td><td class=\"has-text-align-center\" data-align=\"center\"><strong>Distance<\/strong><\/td><td class=\"has-text-align-center\" data-align=\"center\"><strong>A pied<\/strong><\/td><td class=\"has-text-align-center\" data-align=\"center\"><strong>En voiture<\/strong><\/td><\/tr><tr><td>Front de mer<\/td><td class=\"has-text-align-center\" data-align=\"center\">450 m<\/td><td class=\"has-text-align-center\" data-align=\"center\">6 mn<\/td><td class=\"has-text-align-center\" data-align=\"center\">2 mn<\/td><\/tr><tr><td><a href=\"https:\/\/reserve-etangsaintpaul.fr\/\">R\u00e9serve naturelle Etang&nbsp;<\/a><\/td><td class=\"has-text-align-center\" data-align=\"center\">500 m<\/td><td class=\"has-text-align-center\" data-align=\"center\">6 mn<\/td><td class=\"has-text-align-center\" data-align=\"center\">2 mn<\/td><\/tr><tr><td>Tour des roches<\/td><td class=\"has-text-align-center\" data-align=\"center\">1,9 km<\/td><td class=\"has-text-align-center\" data-align=\"center\"><\/td><td class=\"has-text-align-center\" data-align=\"center\">5 mn<\/td><\/tr><tr><td>March\u00e9 forain<\/td><td class=\"has-text-align-center\" data-align=\"center\">2,2 km<\/td><td class=\"has-text-align-center\" data-align=\"center\">26 mn<\/td><td class=\"has-text-align-center\" data-align=\"center\">5 mn<\/td><\/tr><tr><td>Ravine Bernica<\/td><td class=\"has-text-align-center\" data-align=\"center\">3,5 km<\/td><td class=\"has-text-align-center\" data-align=\"center\">41 mn<\/td><td class=\"has-text-align-center\" data-align=\"center\">9 mn<\/td><\/tr><tr><td>Bassin vital<\/td><td class=\"has-text-align-center\" data-align=\"center\">3,6 km<\/td><td class=\"has-text-align-center\" data-align=\"center\">47 mn<\/td><td class=\"has-text-align-center\" data-align=\"center\">9 mn<\/td><\/tr><tr><td>Cimeti\u00e8re marin<\/td><td class=\"has-text-align-center\" data-align=\"center\">3,8 km<\/td><td class=\"has-text-align-center\" data-align=\"center\"><\/td><td class=\"has-text-align-center\" data-align=\"center\">10 mn<\/td><\/tr><tr><td>Grotte 1er fran\u00e7ais<\/td><td class=\"has-text-align-center\" data-align=\"center\">5,1 km<\/td><td class=\"has-text-align-center\" data-align=\"center\"><\/td><td class=\"has-text-align-center\" data-align=\"center\">12 mn<\/td><\/tr><tr><td>Plages Boucan Canot<\/td><td class=\"has-text-align-center\" data-align=\"center\">10 km<\/td><td class=\"has-text-align-center\" data-align=\"center\"><\/td><td class=\"has-text-align-center\" data-align=\"center\">16 mn<\/td><\/tr><tr><td>Village artisanal<\/td><td class=\"has-text-align-center\" data-align=\"center\">11 km<\/td><td class=\"has-text-align-center\" data-align=\"center\"><\/td><td class=\"has-text-align-center\" data-align=\"center\">12 mn<\/td><\/tr><tr><td>Plages Lagon<\/td><td class=\"has-text-align-center\" data-align=\"center\">15,9 km<\/td><td class=\"has-text-align-center\" data-align=\"center\"><\/td><td class=\"has-text-align-center\" data-align=\"center\">16 mn<\/td><\/tr><tr><td>Dos d&rsquo;\u00c2ne<\/td><td class=\"has-text-align-center\" data-align=\"center\">40 km<\/td><td class=\"has-text-align-center\" data-align=\"center\"><\/td><td class=\"has-text-align-center\" data-align=\"center\">22 mn<\/td><\/tr><tr><td>Ma\u00efdo<\/td><td class=\"has-text-align-center\" data-align=\"center\">34 km<\/td><td class=\"has-text-align-center\" data-align=\"center\"><\/td><td class=\"has-text-align-center\" data-align=\"center\">57 mn<\/td><\/tr><tr><td>Salazie<\/td><td class=\"has-text-align-center\" data-align=\"center\">73 km<\/td><td class=\"has-text-align-center\" data-align=\"center\"><\/td><td class=\"has-text-align-center\" data-align=\"center\">1h10<\/td><\/tr><tr><td>Cilaos<\/td><td class=\"has-text-align-center\" data-align=\"center\">84 km<\/td><td class=\"has-text-align-center\" data-align=\"center\"><\/td><td class=\"has-text-align-center\" data-align=\"center\">1h34<\/td><\/tr><tr><td>Volcan Pas de bellecombe<\/td><td class=\"has-text-align-center\" data-align=\"center\">100 km<\/td><td class=\"has-text-align-center\" data-align=\"center\"><\/td><td class=\"has-text-align-center\" data-align=\"center\">1h55<\/td><\/tr><tr><td><strong>Activit\u00e9s<\/strong><\/td><td class=\"has-text-align-center\" data-align=\"center\"><strong>Distance<\/strong><\/td><td class=\"has-text-align-center\" data-align=\"center\"><strong>A pied<\/strong><\/td><td class=\"has-text-align-center\" data-align=\"center\"><strong>En voiture<\/strong><\/td><\/tr><tr><td>Parcours de sant\u00e9<\/td><td class=\"has-text-align-center\" data-align=\"center\">400 m<\/td><td class=\"has-text-align-center\" data-align=\"center\">5 mn<\/td><td class=\"has-text-align-center\" data-align=\"center\">1 mn<\/td><\/tr><tr><td>Stade<\/td><td class=\"has-text-align-center\" data-align=\"center\">1,5 km<\/td><td class=\"has-text-align-center\" data-align=\"center\">19 mn<\/td><td class=\"has-text-align-center\" data-align=\"center\">3 mn<\/td><\/tr><tr><td><a href=\"https:\/\/cine-reunion.com\/\">Cin\u00e9ma<\/a><\/td><td class=\"has-text-align-center\" data-align=\"center\">2,1 km<\/td><td class=\"has-text-align-center\" data-align=\"center\">25 mn<\/td><td class=\"has-text-align-center\" data-align=\"center\">5 mn<\/td><\/tr><tr><td>ULM \u00e0 pied<\/td><td class=\"has-text-align-center\" data-align=\"center\">3,5 km<\/td><td class=\"has-text-align-center\" data-align=\"center\">42 mn<\/td><td class=\"has-text-align-center\" data-align=\"center\"><\/td><\/tr><tr><td><a href=\"https:\/\/www.felixulm.com\/\">ULM en voiture<\/a><\/td><td class=\"has-text-align-center\" data-align=\"center\">7,2 km<\/td><td class=\"has-text-align-center\" data-align=\"center\"><\/td><td class=\"has-text-align-center\" data-align=\"center\">11 mn<\/td><\/tr><tr><td><a href=\"http:\/\/www.fyb.re\/fr\/\">Promenade catamaran <\/a><\/td><td class=\"has-text-align-center\" data-align=\"center\">8,7 km<\/td><td class=\"has-text-align-center\" data-align=\"center\"><\/td><td class=\"has-text-align-center\" data-align=\"center\">12 mn<\/td><\/tr><tr><td><a href=\"https:\/\/www.canyon-speleo.re\/tunnel-de-lave-la-reunion\/tunnel-de-lave-eperon-reunion\/\">Tunnel de lave<\/a><\/td><td class=\"has-text-align-center\" data-align=\"center\">9,2 km<\/td><td class=\"has-text-align-center\" data-align=\"center\"><\/td><td class=\"has-text-align-center\" data-align=\"center\">10 mn<\/td><\/tr><tr><td><a href=\"http:\/\/www.helilagon.com\/\">H\u00e9licopt\u00e8re<\/a><\/td><td class=\"has-text-align-center\" data-align=\"center\">12 km<\/td><td class=\"has-text-align-center\" data-align=\"center\"><\/td><td class=\"has-text-align-center\" data-align=\"center\">14 mn<\/td><\/tr><tr><td><a href=\"https:\/\/www.bassinbleu.fr\/\">Golf Bassin bleu<\/a><\/td><td class=\"has-text-align-center\" data-align=\"center\">17,4 km<\/td><td class=\"has-text-align-center\" data-align=\"center\"><\/td><td class=\"has-text-align-center\" data-align=\"center\">20 mn<\/td><\/tr><\/tbody><\/table><\/figure>\n\n\n\n<p class=\"has-medium-font-size\">Formulaire <a href=\"https:\/\/alareunion.fr\/index.php\/formulaire\/\">Demande de disponibilit\u00e9s<\/a><\/p>\n\n\n\n<p><\/p>\n","protected":false},"excerpt":{"rendered":"<p>Pratique Distance A pied En voiture Arr\u00eat de bus 210 m 2 mn 1 mn Location de v\u00e9los (roulibe.re) 210 m 2 mn 1 mn Tisanerie 280 m 3 mn 1 mn Route des Tamarins 400 m 1 mn Pharmacie 550 m 7 mn 1 mn Centre m\u00e9dical 550 m 7 mn 1 mn M\u00e9diath\u00e8que [&hellip;]<\/p>\n","protected":false},"author":1,"featured_media":0,"parent":0,"menu_order":0,"comment_status":"closed","ping_status":"closed","template":"","meta":{"_exactmetrics_skip_tracking":false,"_exactmetrics_sitenote_active":false,"_exactmetrics_sitenote_note":"","_exactmetrics_sitenote_category":0,"footnotes":""},"class_list":["post-329","page","type-page","status-publish","hentry"],"wppr_data":{"cwp_meta_box_check":"No"},"jetpack_sharing_enabled":false,"jetpack_likes_enabled":false,"_links":{"self":[{"href":"https:\/\/alareunion.fr\/index.php\/wp-json\/wp\/v2\/pages\/329","targetHints":{"allow":["GET"]}}],"collection":[{"href":"https:\/\/alareunion.fr\/index.php\/wp-json\/wp\/v2\/pages"}],"about":[{"href":"https:\/\/alareunion.fr\/index.php\/wp-json\/wp\/v2\/types\/page"}],"author":[{"embeddable":true,"href":"https:\/\/alareunion.fr\/index.php\/wp-json\/wp\/v2\/users\/1"}],"replies":[{"embeddable":true,"href":"https:\/\/alareunion.fr\/index.php\/wp-json\/wp\/v2\/comments?post=329"}],"version-history":[{"count":25,"href":"https:\/\/alareunion.fr\/index.php\/wp-json\/wp\/v2\/pages\/329\/revisions"}],"predecessor-version":[{"id":765,"href":"https:\/\/alareunion.fr\/index.php\/wp-json\/wp\/v2\/pages\/329\/revisions\/765"}],"wp:attachment":[{"href":"https:\/\/alareunion.fr\/index.php\/wp-json\/wp\/v2\/media?parent=329"}],"curies":[{"name":"wp","href":"https:\/\/api.w.org\/{rel}","templated":true}]}}